{"id":41,"date":"2020-02-03T14:34:51","date_gmt":"2020-02-03T14:34:51","guid":{"rendered":"http:\/\/lipenskavyzva.eu\/?page_id=41"},"modified":"2020-05-14T04:46:12","modified_gmt":"2020-05-14T04:46:12","slug":"kontakt","status":"publish","type":"page","link":"https:\/\/lipenskavyzva.eu\/en\/kontakt\/","title":{"rendered":"CONTACT"},"content":{"rendered":"<p style=\"font-size: 25px;\"><em><strong>Kontakt:<\/strong><\/em><\/p>\n<p>Roman R\u016f\u017ei\u010dka<br \/>774 819 626<br \/>info.kolobezky@seznam.cz<\/p>","protected":false},"excerpt":{"rendered":"<p>Kontakt: Roman R\u016f\u017ei\u010dka774 819 626info.kolobezky@seznam.cz<\/p>","protected":false},"author":1,"featured_media":0,"parent":0,"menu_order":0,"comment_status":"closed","ping_status":"closed","template":"","meta":[],"_links":{"self":[{"href":"https:\/\/lipenskavyzva.eu\/en\/wp-json\/wp\/v2\/pages\/41"}],"collection":[{"href":"https:\/\/lipenskavyzva.eu\/en\/wp-json\/wp\/v2\/pages"}],"about":[{"href":"https:\/\/lipenskavyzva.eu\/en\/wp-json\/wp\/v2\/types\/page"}],"author":[{"embeddable":true,"href":"https:\/\/lipenskavyzva.eu\/en\/wp-json\/wp\/v2\/users\/1"}],"replies":[{"embeddable":true,"href":"https:\/\/lipenskavyzva.eu\/en\/wp-json\/wp\/v2\/comments?post=41"}],"version-history":[{"count":4,"href":"https:\/\/lipenskavyzva.eu\/en\/wp-json\/wp\/v2\/pages\/41\/revisions"}],"predecessor-version":[{"id":159,"href":"https:\/\/lipenskavyzva.eu\/en\/wp-json\/wp\/v2\/pages\/41\/revisions\/159"}],"wp:attachment":[{"href":"https:\/\/lipenskavyzva.eu\/en\/wp-json\/wp\/v2\/media?parent=41"}],"curies":[{"name":"wp","href":"https:\/\/api.w.org\/{rel}","templated":true}]}}