{"id":39,"date":"2020-02-03T14:34:41","date_gmt":"2020-02-03T14:34:41","guid":{"rendered":"http:\/\/lipenskavyzva.eu\/?page_id=39"},"modified":"2022-08-27T05:34:42","modified_gmt":"2022-08-27T05:34:42","slug":"galerie","status":"publish","type":"page","link":"https:\/\/lipenskavyzva.eu\/en\/galerie\/","title":{"rendered":"GALERIE"},"content":{"rendered":"<h3 style=\"text-align: center;\">NA ODKAZECH N\u00cd\u017dE NALEZNETE FOTOGALERIE ZE Z\u00c1VODU LIPENSK\u00c9 V\u00ddZVY 2022<\/h3>\n<p>\u00a0<\/p>\n<p style=\"text-align: center;\"><a href=\"https:\/\/drive.google.com\/drive\/folders\/15jwmcubfP1FDf9miW8rzDkmbTS0IRQZj?fbclid=IwAR3Tz0Vb4d9KbNwBNRhpcj0ClqLBTNas6i_7_KwEnLFkjwNH7mV1rerK0Sk\" target=\"_blank\" rel=\"noopener noreferrer\">GOOGLE DRIVE &#8211; MARTIN RA\u010cEK<\/a><\/p>\n<p style=\"text-align: center;\"><a href=\"https:\/\/zdrahalovat.rajce.idnes.cz\" target=\"_blank\" rel=\"noopener noreferrer\">RAJCE &#8211; TEREZA ZDR\u00c1HALOV\u00c1<\/a><\/p>\n<p>\u00a0<\/p>","protected":false},"excerpt":{"rendered":"<p>NA ODKAZECH N\u00cd\u017dE NALEZNETE FOTOGALERIE ZE Z\u00c1VODU LIPENSK\u00c9 V\u00ddZVY 2022 \u00a0 GOOGLE DRIVE &#8211; MARTIN RA\u010cEK RAJCE &#8211; TEREZA ZDR\u00c1HALOV\u00c1 \u00a0<\/p>","protected":false},"author":1,"featured_media":0,"parent":0,"menu_order":0,"comment_status":"closed","ping_status":"closed","template":"","meta":[],"_links":{"self":[{"href":"https:\/\/lipenskavyzva.eu\/en\/wp-json\/wp\/v2\/pages\/39"}],"collection":[{"href":"https:\/\/lipenskavyzva.eu\/en\/wp-json\/wp\/v2\/pages"}],"about":[{"href":"https:\/\/lipenskavyzva.eu\/en\/wp-json\/wp\/v2\/types\/page"}],"author":[{"embeddable":true,"href":"https:\/\/lipenskavyzva.eu\/en\/wp-json\/wp\/v2\/users\/1"}],"replies":[{"embeddable":true,"href":"https:\/\/lipenskavyzva.eu\/en\/wp-json\/wp\/v2\/comments?post=39"}],"version-history":[{"count":12,"href":"https:\/\/lipenskavyzva.eu\/en\/wp-json\/wp\/v2\/pages\/39\/revisions"}],"predecessor-version":[{"id":1597,"href":"https:\/\/lipenskavyzva.eu\/en\/wp-json\/wp\/v2\/pages\/39\/revisions\/1597"}],"wp:attachment":[{"href":"https:\/\/lipenskavyzva.eu\/en\/wp-json\/wp\/v2\/media?parent=39"}],"curies":[{"name":"wp","href":"https:\/\/api.w.org\/{rel}","templated":true}]}}