{"id":1585,"date":"2022-08-02T17:46:47","date_gmt":"2022-08-02T17:46:47","guid":{"rendered":"http:\/\/lipenskavyzva.eu\/?page_id=1585"},"modified":"2025-07-29T16:24:05","modified_gmt":"2025-07-29T16:24:05","slug":"startovni-listina-sprint","status":"publish","type":"page","link":"https:\/\/lipenskavyzva.eu\/en\/startovni-listina-sprint\/","title":{"rendered":"START LIST - SPRINT"},"content":{"rendered":"<p class=\"has-medium-font-size\"><strong>\u010casov\u00fd po\u0159ad a syst\u00e9m vy\u0159azovac\u00edch rozj\u00ed\u017ed\u011bk 3. kola Rollo Ligy 2025 byl p\u0159ipraven na z\u00e1klad\u011b p\u0159edem p\u0159ihl\u00e1\u0161en\u00fdch kolob\u011b\u017ek\u00e1\u0159\u016f v jednotliv\u00fdch kategori\u00edch a schv\u00e1len technick\u00fdm deleg\u00e1tem. \u010casy ani syst\u00e9m se ji\u017e nebude m\u011bnit, i kdy\u017e se na m\u00edst\u011b dohl\u00e1s\u00ed dal\u0161\u00ed z\u00e1vodn\u00edci!!<\/strong><\/p>\n\n\n\n<hr class=\"wp-block-separator has-alpha-channel-opacity is-style-wide\"\/>\n\n\n\n<div class=\"is-layout-flex wp-block-buttons\">\n<div class=\"wp-block-button\"><a class=\"wp-block-button__link wp-element-button\" href=\"https:\/\/lipenskavyzva.eu\/wp-content\/uploads\/2025\/07\/Startovka_sprint_2025_v01.pdf\" target=\"_blank\" rel=\"noreferrer noopener\">STARTOVKA SPRINT<\/a><\/div>\n\n\n\n<div class=\"wp-block-button\"><a class=\"wp-block-button__link wp-element-button\" href=\"https:\/\/lipenskavyzva.eu\/wp-content\/uploads\/2025\/07\/Rozpis_rozjizdek_v01.pdf\" target=\"_blank\" rel=\"noreferrer noopener\">ROZPIS ROZJ\u00cd\u017dD\u011aK<\/a><\/div>\n<\/div>","protected":false},"excerpt":{"rendered":"<p>\u010casov\u00fd po\u0159ad a syst\u00e9m vy\u0159azovac\u00edch rozj\u00ed\u017ed\u011bk 3. kola Rollo Ligy 2025 byl p\u0159ipraven na z\u00e1klad\u011b p\u0159edem p\u0159ihl\u00e1\u0161en\u00fdch kolob\u011b\u017ek\u00e1\u0159\u016f v jednotliv\u00fdch kategori\u00edch a schv\u00e1len technick\u00fdm deleg\u00e1tem. \u010casy ani syst\u00e9m se ji\u017e nebude m\u011bnit, i kdy\u017e se na m\u00edst\u011b dohl\u00e1s\u00ed dal\u0161\u00ed z\u00e1vodn\u00edci!!<\/p>","protected":false},"author":1,"featured_media":0,"parent":0,"menu_order":0,"comment_status":"closed","ping_status":"closed","template":"","meta":[],"_links":{"self":[{"href":"https:\/\/lipenskavyzva.eu\/en\/wp-json\/wp\/v2\/pages\/1585"}],"collection":[{"href":"https:\/\/lipenskavyzva.eu\/en\/wp-json\/wp\/v2\/pages"}],"about":[{"href":"https:\/\/lipenskavyzva.eu\/en\/wp-json\/wp\/v2\/types\/page"}],"author":[{"embeddable":true,"href":"https:\/\/lipenskavyzva.eu\/en\/wp-json\/wp\/v2\/users\/1"}],"replies":[{"embeddable":true,"href":"https:\/\/lipenskavyzva.eu\/en\/wp-json\/wp\/v2\/comments?post=1585"}],"version-history":[{"count":22,"href":"https:\/\/lipenskavyzva.eu\/en\/wp-json\/wp\/v2\/pages\/1585\/revisions"}],"predecessor-version":[{"id":1743,"href":"https:\/\/lipenskavyzva.eu\/en\/wp-json\/wp\/v2\/pages\/1585\/revisions\/1743"}],"wp:attachment":[{"href":"https:\/\/lipenskavyzva.eu\/en\/wp-json\/wp\/v2\/media?parent=1585"}],"curies":[{"name":"wp","href":"https:\/\/api.w.org\/{rel}","templated":true}]}}