{"id":1388,"date":"2021-04-17T10:23:12","date_gmt":"2021-04-17T10:23:12","guid":{"rendered":"http:\/\/lipenskavyzva.eu\/?page_id=1388"},"modified":"2021-04-17T10:23:48","modified_gmt":"2021-04-17T10:23:48","slug":"archiv-vysledky-2020","status":"publish","type":"page","link":"https:\/\/lipenskavyzva.eu\/en\/archiv-vysledky-2020\/","title":{"rendered":"ARCHIV-VYSLEDKY-2020"},"content":{"rendered":"<p><em>SPRINTY<\/em><\/p>\n\n\n\n<ul><li><a href=\"http:\/\/lipenskavyzva.eu\/en\/vysledky-sprinty\/\">V\u0161echny kategorie<\/a><\/li><\/ul>\n\n\n\n<p><em>KRITERIUM<\/em><\/p>\n\n\n\n<ul><li><a href=\"http:\/\/lipenskavyzva.eu\/en\/vysledky-kriterium-pripravka\/\"><em>P\u0159\u00edpravka<\/em><\/a><\/li><li><a href=\"http:\/\/lipenskavyzva.eu\/en\/vysledky-kriterium-kadeti\/\"><em>Kadeti<\/em><\/a><\/li><li><a href=\"http:\/\/lipenskavyzva.eu\/en\/vysledky-kriterium-zaci\/\"><em>\u017d\u00e1ci<\/em><\/a><\/li><li><a href=\"http:\/\/lipenskavyzva.eu\/en\/vysledky-kriterium-zeny\/\"><em>\u017deny<\/em><\/a><em> (Juniorky, seniorky, masters, veter\u00e1nky, ultraveter\u00e1nky, ultraveter\u00e1ni)<\/em><\/li><li><a href=\"http:\/\/lipenskavyzva.eu\/en\/vysledky-kriterium-muzi\/\"><em>Mu\u017ei<\/em><\/a><em> (Junio\u0159i, senio\u0159i, masters, veter\u00e1ni)<\/em><\/li><\/ul>\n\n\n\n<p><em>\u0160TAFETY<\/em><\/p>\n\n\n\n<ul><li><a href=\"http:\/\/lipenskavyzva.eu\/en\/vysledky-stafety-zeny\/\"><em>\u017deny<\/em><\/a><\/li><li><a href=\"http:\/\/lipenskavyzva.eu\/en\/vysledky-stafety-muzi\/\"><em>Mu\u017ei<\/em><\/a><\/li><\/ul>\n\n\n\n<p>DLOUH\u00dd Z\u00c1VOD<\/p>\n\n\n\n<ul><li><a href=\"http:\/\/lipenskavyzva.eu\/en\/vysledky-dlouhy-pripravka\/\"><em>P\u0159\u00edpravka<\/em><\/a><\/li><li><a href=\"http:\/\/lipenskavyzva.eu\/en\/vysledky-dlouhy-kadeti\/\"><em>Kadeti<\/em><\/a><\/li><li><a href=\"http:\/\/lipenskavyzva.eu\/en\/vysledky-dlouhy-zaci\/\"><em>\u017d\u00e1ci<\/em><\/a><\/li><li><a href=\"http:\/\/lipenskavyzva.eu\/en\/vysledky-dlouhy-zeny\/\"><em>\u017deny<\/em><\/a><\/li><li><a href=\"http:\/\/lipenskavyzva.eu\/en\/vysledky-dlouhy-muzi\/\"><em>Mu\u017ei<\/em><\/a><\/li><\/ul>","protected":false},"excerpt":{"rendered":"<p>SPRINTY V\u0161echny kategorie KRITERIUM P\u0159\u00edpravka Kadeti \u017d\u00e1ci \u017deny (Juniorky, seniorky, masters, veter\u00e1nky, ultraveter\u00e1nky, ultraveter\u00e1ni) Mu\u017ei (Junio\u0159i, senio\u0159i, masters, veter\u00e1ni) \u0160TAFETY \u017deny Mu\u017ei DLOUH\u00dd Z\u00c1VOD P\u0159\u00edpravka Kadeti \u017d\u00e1ci \u017deny Mu\u017ei<\/p>","protected":false},"author":1,"featured_media":0,"parent":0,"menu_order":0,"comment_status":"closed","ping_status":"closed","template":"","meta":[],"_links":{"self":[{"href":"https:\/\/lipenskavyzva.eu\/en\/wp-json\/wp\/v2\/pages\/1388"}],"collection":[{"href":"https:\/\/lipenskavyzva.eu\/en\/wp-json\/wp\/v2\/pages"}],"about":[{"href":"https:\/\/lipenskavyzva.eu\/en\/wp-json\/wp\/v2\/types\/page"}],"author":[{"embeddable":true,"href":"https:\/\/lipenskavyzva.eu\/en\/wp-json\/wp\/v2\/users\/1"}],"replies":[{"embeddable":true,"href":"https:\/\/lipenskavyzva.eu\/en\/wp-json\/wp\/v2\/comments?post=1388"}],"version-history":[{"count":2,"href":"https:\/\/lipenskavyzva.eu\/en\/wp-json\/wp\/v2\/pages\/1388\/revisions"}],"predecessor-version":[{"id":1390,"href":"https:\/\/lipenskavyzva.eu\/en\/wp-json\/wp\/v2\/pages\/1388\/revisions\/1390"}],"wp:attachment":[{"href":"https:\/\/lipenskavyzva.eu\/en\/wp-json\/wp\/v2\/media?parent=1388"}],"curies":[{"name":"wp","href":"https:\/\/api.w.org\/{rel}","templated":true}]}}