{"id":117,"date":"2020-02-14T08:36:52","date_gmt":"2020-02-14T08:36:52","guid":{"rendered":"http:\/\/lipenskavyzva.eu\/?page_id=117"},"modified":"2026-03-24T23:24:05","modified_gmt":"2026-03-24T23:24:05","slug":"uvod","status":"publish","type":"page","link":"https:\/\/lipenskavyzva.eu\/en\/","title":{"rendered":"HOME"},"content":{"rendered":"<p style=\"text-align: center; margin-top: 50px; margin-bottom: 50px;\"><span style=\"color: #333333; font-size: 30px;\"><strong>WELCOME TO THE OFFICIAL WEBSITE OF LIPENSKA VYZVA <br>FOOTBIKE WORLD CHAMPIONSHIP 2026<\/strong><\/span><\/p>\n\n\n\n<p class=\"has-text-align-center has-medium-font-size\"><strong><em> FootbikeWorldChampionship will be held on 7. 8. - 9. 8. 2026<\/em><\/strong><\/p>\n\n\n\n<p>\u00a0<\/p>\n<h4 style=\"text-align: center;\"><em><strong>Time to launch:<\/strong><\/em><\/h4>\n\n\n\n<p class=\"has-text-align-center\"> <style type='text\/css'>.wpcdt-timer-191 .wpcdt-clock{max-width: 750px;}<\/style>\n<div class=\"wpcdt-wrap wpcdt-timer-wrap wpcdt-clearfix  wpcdt-timer-circle wpcdt-timer-191\" data-conf=\"{&quot;current_date&quot;:&quot;2026-05-04 08:20:26&quot;,&quot;expiry_date&quot;:&quot;2026-08-07 07:00:00&quot;,&quot;timercircle_animation&quot;:&quot;smooth&quot;,&quot;timercircle_width&quot;:0.1,&quot;timer_bg_width&quot;:1.2,&quot;timer_bgclr&quot;:&quot;#313332&quot;,&quot;timer_day_bgclr&quot;:&quot;#e3be32&quot;,&quot;timer_hour_bgclr&quot;:&quot;#36b0e3&quot;,&quot;timer_minute_bgclr&quot;:&quot;#75bf44&quot;,&quot;timer_second_bgclr&quot;:&quot;#66c5af&quot;,&quot;day_text&quot;:&quot;Days&quot;,&quot;hour_text&quot;:&quot;Hours&quot;,&quot;minute_text&quot;:&quot;Minutes&quot;,&quot;second_text&quot;:&quot;Seconds&quot;,&quot;is_days&quot;:1,&quot;is_hours&quot;:1,&quot;is_minutes&quot;:1,&quot;is_seconds&quot;:1}\">\n\t<div class=\"wpcdt-timer-inr wpcdt-timer wpcdt-timer-js\" id=\"wpcdt-timer-1\" data-id=\"191\">\n\t\t<div class=\"wpcdt-clock wpcdt-clock-circle\" data-timer=\"8203174\"><\/div>\n\t<\/div>\n<\/div> <\/p>\n\n\n\n<p><\/p>","protected":false},"excerpt":{"rendered":"<p>V\u00cdTEJTE NA STR\u00c1NK\u00c1CH LIPENSK\u00c9 V\u00ddZVY MISTROVSTV\u00cd SV\u011aTA V KOLOB\u011aHU 2026 MS v kolob\u011bhu se bude konat 7. 8. &#8211; 9. 8. 2026 \u00a0 \u010cas do startu:<\/p>","protected":false},"author":1,"featured_media":0,"parent":0,"menu_order":0,"comment_status":"closed","ping_status":"closed","template":"","meta":[],"_links":{"self":[{"href":"https:\/\/lipenskavyzva.eu\/en\/wp-json\/wp\/v2\/pages\/117"}],"collection":[{"href":"https:\/\/lipenskavyzva.eu\/en\/wp-json\/wp\/v2\/pages"}],"about":[{"href":"https:\/\/lipenskavyzva.eu\/en\/wp-json\/wp\/v2\/types\/page"}],"author":[{"embeddable":true,"href":"https:\/\/lipenskavyzva.eu\/en\/wp-json\/wp\/v2\/users\/1"}],"replies":[{"embeddable":true,"href":"https:\/\/lipenskavyzva.eu\/en\/wp-json\/wp\/v2\/comments?post=117"}],"version-history":[{"count":38,"href":"https:\/\/lipenskavyzva.eu\/en\/wp-json\/wp\/v2\/pages\/117\/revisions"}],"predecessor-version":[{"id":1759,"href":"https:\/\/lipenskavyzva.eu\/en\/wp-json\/wp\/v2\/pages\/117\/revisions\/1759"}],"wp:attachment":[{"href":"https:\/\/lipenskavyzva.eu\/en\/wp-json\/wp\/v2\/media?parent=117"}],"curies":[{"name":"wp","href":"https:\/\/api.w.org\/{rel}","templated":true}]}}