{"id":487,"date":"2020-08-12T11:54:53","date_gmt":"2020-08-12T11:54:53","guid":{"rendered":"http:\/\/lipenskavyzva.eu\/?page_id=487"},"modified":"2020-08-12T12:36:15","modified_gmt":"2020-08-12T12:36:15","slug":"vysledky-kriterium-kadeti","status":"publish","type":"page","link":"http:\/\/lipenskavyzva.eu\/en\/vysledky-kriterium-kadeti\/","title":{"rendered":"V\u00fdsledky kriterium kadeti"},"content":{"rendered":"<table id=\"tablepress-9\" class=\"tablepress tablepress-id-9\">\n<thead>\n<tr class=\"row-1 odd\">\n\t<th class=\"column-1\">Po\u0159.<\/th><th class=\"column-2\">St.\u010d.<\/th><th class=\"column-3\">Jm\u00e9no<\/th><th class=\"column-4\">Odd\u00edl<\/th><th class=\"column-5\">Po\u0159.<\/th><th class=\"column-6\">Kat.<\/th><th class=\"column-7\">RN<\/th><th class=\"column-8\">P.kol<\/th><th class=\"column-9\">V\u00fdkon<\/th><th class=\"column-10\">Ztr\u00e1ta<\/th>\n<\/tr>\n<\/thead>\n<tbody class=\"row-hover\">\n<tr class=\"row-2 even\">\n\t<td class=\"column-1\">1<\/td><td class=\"column-2\">51<\/td><td class=\"column-3\">H\u0158IVNA David<\/td><td class=\"column-4\">1KK Lipnik<\/td><td class=\"column-5\">1<\/td><td class=\"column-6\">Kadeti<\/td><td class=\"column-7\">2005<\/td><td class=\"column-8\">5<\/td><td class=\"column-9\">14:10,87<\/td><td class=\"column-10\">00:00,00<\/td>\n<\/tr>\n<tr class=\"row-3 odd\">\n\t<td class=\"column-1\">2<\/td><td class=\"column-2\">43<\/td><td class=\"column-3\">HRYZBIL Filip<\/td><td class=\"column-4\">1 KK Lipn\u00edk n.B<\/td><td class=\"column-5\">2<\/td><td class=\"column-6\">Kadeti<\/td><td class=\"column-7\">2005<\/td><td class=\"column-8\">5<\/td><td class=\"column-9\">14:12,83<\/td><td class=\"column-10\">00:01,96<\/td>\n<\/tr>\n<tr class=\"row-4 even\">\n\t<td class=\"column-1\">3<\/td><td class=\"column-2\">68<\/td><td class=\"column-3\">ZAPLETALOV\u00c1 Ad\u00e9la<\/td><td class=\"column-4\">1.KK Lipn\u00edk nad Be\u010dvou<\/td><td class=\"column-5\">1<\/td><td class=\"column-6\">Kadetky<\/td><td class=\"column-7\">2006<\/td><td class=\"column-8\">5<\/td><td class=\"column-9\">14:29,66<\/td><td class=\"column-10\">00:18,79<\/td>\n<\/tr>\n<tr class=\"row-5 odd\">\n\t<td class=\"column-1\">4<\/td><td class=\"column-2\">45<\/td><td class=\"column-3\">HERCIK Mat\u011bj<\/td><td class=\"column-4\">UNIKOSY<\/td><td class=\"column-5\">3<\/td><td class=\"column-6\">Kadeti<\/td><td class=\"column-7\">2006<\/td><td class=\"column-8\">5<\/td><td class=\"column-9\">14:30,85<\/td><td class=\"column-10\">00:19,98<\/td>\n<\/tr>\n<tr class=\"row-6 even\">\n\t<td class=\"column-1\">5<\/td><td class=\"column-2\">84<\/td><td class=\"column-3\">\u0160MIDA Adam<\/td><td class=\"column-4\"><\/td><td class=\"column-5\">4<\/td><td class=\"column-6\">Kadeti<\/td><td class=\"column-7\">2006<\/td><td class=\"column-8\">5<\/td><td class=\"column-9\">14:39,02<\/td><td class=\"column-10\">00:28,15<\/td>\n<\/tr>\n<tr class=\"row-7 odd\">\n\t<td class=\"column-1\">6<\/td><td class=\"column-2\">83<\/td><td class=\"column-3\">KOBAK Jakub<\/td><td class=\"column-4\">KOSTKA RACING<\/td><td class=\"column-5\">5<\/td><td class=\"column-6\">Kadeti<\/td><td class=\"column-7\">2006<\/td><td class=\"column-8\">5<\/td><td class=\"column-9\">14:39,50<\/td><td class=\"column-10\">00:28,63<\/td>\n<\/tr>\n<tr class=\"row-8 even\">\n\t<td class=\"column-1\">7<\/td><td class=\"column-2\">69<\/td><td class=\"column-3\">SLOV\u00c1KOV\u00c1 Kl\u00e1ra<\/td><td class=\"column-4\">KOSTKA RACING<\/td><td class=\"column-5\">2<\/td><td class=\"column-6\">Kadetky<\/td><td class=\"column-7\">2005<\/td><td class=\"column-8\">5<\/td><td class=\"column-9\">14:39,64<\/td><td class=\"column-10\">00:28,77<\/td>\n<\/tr>\n<tr class=\"row-9 odd\">\n\t<td class=\"column-1\">8<\/td><td class=\"column-2\">67<\/td><td class=\"column-3\">PE\u0160TOV\u00c1 Kamila<\/td><td class=\"column-4\">PSP- Klub kolob\u011bhu Plze\u0148<\/td><td class=\"column-5\">3<\/td><td class=\"column-6\">Kadetky<\/td><td class=\"column-7\">2007<\/td><td class=\"column-8\">5<\/td><td class=\"column-9\">14:40,85<\/td><td class=\"column-10\">00:29,98<\/td>\n<\/tr>\n<tr class=\"row-10 even\">\n\t<td class=\"column-1\">9<\/td><td class=\"column-2\">82<\/td><td class=\"column-3\">JU\u0158\u00cdK Luk\u00e1\u0161<\/td><td class=\"column-4\">1.KK lipn\u00edk n. Be\u010dvou<\/td><td class=\"column-5\">6<\/td><td class=\"column-6\">Kadeti<\/td><td class=\"column-7\">2006<\/td><td class=\"column-8\">5<\/td><td class=\"column-9\">14:41,64<\/td><td class=\"column-10\">00:30,77<\/td>\n<\/tr>\n<tr class=\"row-11 odd\">\n\t<td class=\"column-1\">10<\/td><td class=\"column-2\">71<\/td><td class=\"column-3\">VINOHRADN\u00cdKOV\u00c1 Am\u00e1lie<\/td><td class=\"column-4\">KOSTKA RACING<\/td><td class=\"column-5\">4<\/td><td class=\"column-6\">Kadetky<\/td><td class=\"column-7\">2005<\/td><td class=\"column-8\">5<\/td><td class=\"column-9\">15:04,06<\/td><td class=\"column-10\">00:53,19<\/td>\n<\/tr>\n<tr class=\"row-12 even\">\n\t<td class=\"column-1\">11<\/td><td class=\"column-2\">85<\/td><td class=\"column-3\">TOMKOV\u00c1 Hana<\/td><td class=\"column-4\">Lipn\u00edk Dragons<\/td><td class=\"column-5\">5<\/td><td class=\"column-6\">Kadetky<\/td><td class=\"column-7\">2006<\/td><td class=\"column-8\">5<\/td><td class=\"column-9\">15:19,43<\/td><td class=\"column-10\">01:08,56<\/td>\n<\/tr>\n<tr class=\"row-13 odd\">\n\t<td class=\"column-1\">12<\/td><td class=\"column-2\">114<\/td><td class=\"column-3\">LIBSCHER Petr<\/td><td class=\"column-4\">Kolobka t\u00fdm Ostrava<\/td><td class=\"column-5\">7<\/td><td class=\"column-6\">Kadeti<\/td><td class=\"column-7\">2005<\/td><td class=\"column-8\">5<\/td><td class=\"column-9\">15:23,11<\/td><td class=\"column-10\">01:12,24<\/td>\n<\/tr>\n<tr class=\"row-14 even\">\n\t<td class=\"column-1\">13<\/td><td class=\"column-2\">63<\/td><td class=\"column-3\">H\u00c1JKOV\u00c1 Kate\u0159ina<\/td><td class=\"column-4\">1KK Lipn\u00edk nad Be\u010dvou<\/td><td class=\"column-5\">6<\/td><td class=\"column-6\">Kadetky<\/td><td class=\"column-7\">2005<\/td><td class=\"column-8\">5<\/td><td class=\"column-9\">15:23,66<\/td><td class=\"column-10\">01:12,79<\/td>\n<\/tr>\n<tr class=\"row-15 odd\">\n\t<td class=\"column-1\">DNS<\/td><td class=\"column-2\">70<\/td><td class=\"column-3\">BARROW Tina<\/td><td class=\"column-4\">1KK Lipn\u00edk n.B.<\/td><td class=\"column-5\">DNS<\/td><td class=\"column-6\">Kadetky<\/td><td class=\"column-7\">2007<\/td><td class=\"column-8\"><\/td><td class=\"column-9\"><\/td><td class=\"column-10\"><\/td>\n<\/tr>\n<tr class=\"row-16 even\">\n\t<td class=\"column-1\">DNS<\/td><td class=\"column-2\">55<\/td><td class=\"column-3\">S\u00c1ZEL Marek<\/td><td class=\"column-4\">KOSTKA RACING<\/td><td class=\"column-5\">DNS<\/td><td class=\"column-6\">Kadeti<\/td><td class=\"column-7\">2007<\/td><td class=\"column-8\"><\/td><td class=\"column-9\"><\/td><td class=\"column-10\"><\/td>\n<\/tr>\n<\/tbody>\n<\/table>\n<!-- #tablepress-9 from cache -->\n\n\n\n<div class=\"wp-block-button\"><a class=\"wp-block-button__link\" href=\"http:\/\/lipenskavyzva.eu\/wp-content\/uploads\/2020\/08\/02_kriterium_kadeti_abs-kat_2020.pdf\">St\u00e1hnout v PDF<\/a><\/div>","protected":false},"excerpt":{"rendered":"","protected":false},"author":1,"featured_media":0,"parent":0,"menu_order":0,"comment_status":"closed","ping_status":"closed","template":"","meta":[],"_links":{"self":[{"href":"http:\/\/lipenskavyzva.eu\/en\/wp-json\/wp\/v2\/pages\/487"}],"collection":[{"href":"http:\/\/lipenskavyzva.eu\/en\/wp-json\/wp\/v2\/pages"}],"about":[{"href":"http:\/\/lipenskavyzva.eu\/en\/wp-json\/wp\/v2\/types\/page"}],"author":[{"embeddable":true,"href":"http:\/\/lipenskavyzva.eu\/en\/wp-json\/wp\/v2\/users\/1"}],"replies":[{"embeddable":true,"href":"http:\/\/lipenskavyzva.eu\/en\/wp-json\/wp\/v2\/comments?post=487"}],"version-history":[{"count":3,"href":"http:\/\/lipenskavyzva.eu\/en\/wp-json\/wp\/v2\/pages\/487\/revisions"}],"predecessor-version":[{"id":522,"href":"http:\/\/lipenskavyzva.eu\/en\/wp-json\/wp\/v2\/pages\/487\/revisions\/522"}],"wp:attachment":[{"href":"http:\/\/lipenskavyzva.eu\/en\/wp-json\/wp\/v2\/media?parent=487"}],"curies":[{"name":"wp","href":"https:\/\/api.w.org\/{rel}","templated":true}]}}